{"id":730,"date":"2024-10-31T06:31:16","date_gmt":"2024-10-31T06:31:16","guid":{"rendered":"https:\/\/galemiamihotelandresidences.com\/?page_id=730"},"modified":"2025-04-10T17:09:17","modified_gmt":"2025-04-10T17:09:17","slug":"comodidades","status":"publish","type":"page","link":"https:\/\/midtownparkresideces.com\/es\/comodidades\/","title":{"rendered":"Comodidades"},"content":{"rendered":"<p>[et_pb_section fb_built=&#8221;1&#8243; custom_padding_last_edited=&#8221;on|phone&#8221; _builder_version=&#8221;4.27.4&#8243; _module_preset=&#8221;default&#8221; background_color=&#8221;rgba(0,0,0,0.61)&#8221; background_image=&#8221;https:\/\/midtownparkresideces.com\/es\/wp-content\/uploads\/Midtown_Park-Central-view.jpg&#8221; background_blend=&#8221;overlay&#8221; custom_padding=&#8221;90px||90px|||&#8221; custom_padding_tablet=&#8221;90px||90px|||&#8221; custom_padding_phone=&#8221;50px||50px||true|false&#8221; global_colors_info=&#8221;{}&#8221;][et_pb_row _builder_version=&#8221;4.17.4&#8243; _module_preset=&#8221;default&#8221; global_colors_info=&#8221;{}&#8221;][et_pb_column type=&#8221;4_4&#8243; _builder_version=&#8221;4.17.4&#8243; _module_preset=&#8221;default&#8221; global_colors_info=&#8221;{}&#8221;][et_pb_text _builder_version=&#8221;4.27.4&#8243; _module_preset=&#8221;default&#8221; text_font=&#8221;|600|||||||&#8221; text_text_color=&#8221;#FFFFFF&#8221; text_font_size=&#8221;25px&#8221; header_font=&#8221;|700||on|||||&#8221; header_text_align=&#8221;center&#8221; header_text_color=&#8221;#FFFFFF&#8221; header_font_size=&#8221;50px&#8221; header_line_height=&#8221;1.5em&#8221; header_2_font_size=&#8221;45px&#8221; text_orientation=&#8221;center&#8221; hover_enabled=&#8221;0&#8243; header_font_size_tablet=&#8221;50px&#8221; header_font_size_phone=&#8221;30px&#8221; header_font_size_last_edited=&#8221;on|phone&#8221; header_text_shadow_style=&#8221;preset3&#8243; header_text_shadow_blur_strength=&#8221;0.69em&#8221; header_text_shadow_color=&#8221;#000000&#8243; global_colors_info=&#8221;{}&#8221; sticky_enabled=&#8221;0&#8243;]<\/p>\n<h1>Midtown Park Residences<\/h1>\n<h1>Comodidades<\/h1>\n<p>[\/et_pb_text][\/et_pb_column][\/et_pb_row][\/et_pb_section][et_pb_section fb_built=&#8221;1&#8243; custom_padding_last_edited=&#8221;on|phone&#8221; module_id=&#8221;building-features&#8221; _builder_version=&#8221;4.27.4&#8243; _module_preset=&#8221;default&#8221; background_color=&#8221;RGBA(255,255,255,0)&#8221; custom_padding=&#8221;90px||2px|||&#8221; custom_padding_tablet=&#8221;90px||2px|||&#8221; custom_padding_phone=&#8221;||||false|false&#8221; global_colors_info=&#8221;{}&#8221;][et_pb_row column_structure=&#8221;3_5,2_5&#8243; _builder_version=&#8221;4.27.4&#8243; _module_preset=&#8221;default&#8221; width=&#8221;90%&#8221; max_width=&#8221;90%&#8221; custom_margin=&#8221;-69px|auto||auto||&#8221; custom_margin_tablet=&#8221;&#8221; custom_margin_phone=&#8221;||||false|false&#8221; custom_margin_last_edited=&#8221;on|phone&#8221; custom_padding=&#8221;0px||||false|false&#8221; global_colors_info=&#8221;{}&#8221;][et_pb_column type=&#8221;3_5&#8243; _builder_version=&#8221;4.20.2&#8243; _module_preset=&#8221;default&#8221; global_colors_info=&#8221;{}&#8221;][et_pb_text _builder_version=&#8221;4.27.4&#8243; _module_preset=&#8221;default&#8221; text_font=&#8221;Adamina||||||||&#8221; text_text_color=&#8221;#000000&#8243; text_line_height=&#8221;1.8em&#8221; header_2_font=&#8221;|700|||||||&#8221; header_2_font_size=&#8221;30px&#8221; header_2_line_height=&#8221;1.8em&#8221; custom_margin=&#8221;-1px||1px||false|false&#8221; custom_margin_tablet=&#8221;-1px||1px||false|false&#8221; custom_margin_phone=&#8221;-1px||1px||false|false&#8221; custom_margin_last_edited=&#8221;on|phone&#8221; hover_enabled=&#8221;0&#8243; global_colors_info=&#8221;{}&#8221; sticky_enabled=&#8221;0&#8243;]<\/p>\n<h2>Comodidades<\/h2>\n<ul>\n<li>Sala de estar este con cocina de chef, televisores de pantalla grande, c\u00f3modos asientos y acceso a terrazas al aire libre<\/li>\n<li>Sal\u00f3n de eventos para reuniones familiares y eventos \u00edntimos<\/li>\n<li>Sal\u00f3n de negocios y coworking con mostradores de caf\u00e9, pasteles y jugos naturales<\/li>\n<li>Sala de juegos para ni\u00f1os junto a la piscina<br \/>Gimnasio de 280 m\u00b2 y sala de pilates con equipos de \u00faltima generaci\u00f3n<\/li>\n<li>Spa, vestuarios, ba\u00f1o de vapor, sauna y acceso a terrazas al aire libre<\/li>\n<li>Sala de golf virtual y proyecci\u00f3n<\/li>\n<\/ul>\n<h2>Servicios y jardines en la terraza de la piscina<\/h2>\n<ul>\n<li>Cancha de pickleball con \u00e1rea de cocina al aire libre, mesa com\u00fan larga y enrejado<\/li>\n<li>Piscina de hidromasaje para adultos con relajantes asientos al aire libre bajo la sombra de los jardines<\/li>\n<li>Huerto comunitario dise\u00f1ado por Naturalficial<\/li>\n<li>Piscina climatizada de 18 metros con entrada escalonada y vista a una escultura de Hern\u00e1n Marina<\/li>\n<li>Jardines privados en la zona este. Salones de fiestas con fogatas y zona de estar<\/li>\n<\/ul>\n<p>[\/et_pb_text][\/et_pb_column][et_pb_column type=&#8221;2_5&#8243; _builder_version=&#8221;4.20.2&#8243; _module_preset=&#8221;default&#8221; global_colors_info=&#8221;{}&#8221;][et_pb_image src=&#8221;https:\/\/midtownparkresideces.com\/es\/wp-content\/uploads\/Midtown_Park-Hero_02.jpg&#8221; title_text=&#8221;Midtown_Park-Hero_02&#8243; _builder_version=&#8221;4.27.4&#8243; _module_preset=&#8221;default&#8221; global_colors_info=&#8221;{}&#8221;][\/et_pb_image][\/et_pb_column][\/et_pb_row][\/et_pb_section][et_pb_section fb_built=&#8221;1&#8243; module_id=&#8221;building-features&#8221; _builder_version=&#8221;4.24.2&#8243; _module_preset=&#8221;default&#8221; background_color=&#8221;RGBA(255,255,255,0)&#8221; min_height=&#8221;705.2px&#8221; custom_margin=&#8221;30px|||||&#8221; custom_padding=&#8221;||2px|||&#8221; global_colors_info=&#8221;{}&#8221;][et_pb_row column_structure=&#8221;1_2,1_2&#8243; _builder_version=&#8221;4.27.2&#8243; _module_preset=&#8221;default&#8221; width=&#8221;90%&#8221; max_width=&#8221;90%&#8221; custom_margin=&#8221;-47px|auto||auto||&#8221; custom_padding=&#8221;||0px|||&#8221; global_colors_info=&#8221;{}&#8221;][et_pb_column type=&#8221;1_2&#8243; _builder_version=&#8221;4.20.2&#8243; _module_preset=&#8221;default&#8221; global_colors_info=&#8221;{}&#8221;][et_pb_image src=&#8221;https:\/\/midtownparkresideces.com\/es\/wp-content\/uploads\/Midtown_Park-living-room.jpg&#8221; title_text=&#8221;Midtown_Park-living-room&#8221; _builder_version=&#8221;4.27.4&#8243; _module_preset=&#8221;default&#8221; global_colors_info=&#8221;{}&#8221;][\/et_pb_image][et_pb_image src=&#8221;https:\/\/midtownparkresideces.com\/es\/wp-content\/uploads\/Midtown_Park-kitchen.jpg&#8221; title_text=&#8221;Midtown_Park-kitchen&#8221; _builder_version=&#8221;4.27.4&#8243; _module_preset=&#8221;default&#8221; global_colors_info=&#8221;{}&#8221;][\/et_pb_image][\/et_pb_column][et_pb_column type=&#8221;1_2&#8243; _builder_version=&#8221;4.20.2&#8243; _module_preset=&#8221;default&#8221; global_colors_info=&#8221;{}&#8221;][et_pb_text _builder_version=&#8221;4.27.4&#8243; _module_preset=&#8221;default&#8221; text_font=&#8221;Adamina||||||||&#8221; text_text_color=&#8221;#000000&#8243; text_line_height=&#8221;1.8em&#8221; header_2_font=&#8221;|700|||||||&#8221; header_2_font_size=&#8221;30px&#8221; header_2_line_height=&#8221;1.8em&#8221; custom_margin=&#8221;-10px|||||&#8221; custom_margin_tablet=&#8221;-80px|||||&#8221; custom_margin_phone=&#8221;1px||||false|false&#8221; custom_margin_last_edited=&#8221;on|phone&#8221; hover_enabled=&#8221;0&#8243; global_colors_info=&#8221;{}&#8221; sticky_enabled=&#8221;0&#8243;]<\/p>\n<h2>Caracter\u00edsticas de las residencias<\/h2>\n<ul>\n<li>Los espaciosos planos de planta de concepto abierto, completamente terminados, incluyen estudios y residencias de una y dos habitaciones, con techos de m\u00e1s de 2.7 metros de altura.<\/li>\n<li>Colecci\u00f3n privada de \u00e1ticos con salas de estar esquineras de doble altura y techos de 6 metros, dise\u00f1os de cuatro y cinco habitaciones, terrazas en la azotea, jardines y piscinas privadas.<br \/>Extra grandes balcones envolventes privados, pisos con acabados y barandillas de vidrio.<\/li>\n<li>Ventanas y puertas corredizas de piso a techo tintadas, resistentes a impactos y de bajo consumo.<\/li>\n<li>Suelos de porcelanato de madera importada en todas las residencias.<\/li>\n<li>Cocinas dise\u00f1adas por Meyer Davis Studio con gabinetes italianos, encimeras de cuarzo importado y tiradores de lat\u00f3n empotrados.<\/li>\n<li>Electrodom\u00e9sticos Subzero Wolf y grifer\u00eda Hansgrohe.<\/li>\n<li>Los ba\u00f1os principales cuentan con Duchas dobles con mampara de cristal, grifer\u00eda de lat\u00f3n Hansgrohe y paredes de cer\u00e1mica Jade exclusivas, dise\u00f1adas por Meyer Davis.\n<p>Las residencias de tres dormitorios y de la Colecci\u00f3n Privada incluyen lavander\u00edas completas, ba\u00f1os de Proper y ba\u00f1eras independientes.<\/p>\n<\/li>\n<\/ul>\n<p>[\/et_pb_text][\/et_pb_column][\/et_pb_row][et_pb_row column_structure=&#8221;1_2,1_2&#8243; _builder_version=&#8221;4.27.3&#8243; _module_preset=&#8221;default&#8221; width=&#8221;90%&#8221; max_width=&#8221;90%&#8221; global_colors_info=&#8221;{}&#8221;][et_pb_column type=&#8221;1_2&#8243; _builder_version=&#8221;4.27.3&#8243; _module_preset=&#8221;default&#8221; global_colors_info=&#8221;{}&#8221;][et_pb_text _builder_version=&#8221;4.27.4&#8243; _module_preset=&#8221;default&#8221; text_text_color=&#8221;#000000&#8243; header_font=&#8221;|700|||||||&#8221; header_text_color=&#8221;#000000&#8243; header_3_font=&#8221;|700|||||||&#8221; header_3_text_color=&#8221;#000000&#8243; hover_enabled=&#8221;0&#8243; global_colors_info=&#8221;{}&#8221; sticky_enabled=&#8221;0&#8243;]<\/p>\n<h3>Residentes adecuados<br \/>Servicios y Privilegios<\/h3>\n<ul>\n<li>Un asesor cultural ofrece una amplia red local y un profundo conocimiento de la cultura de Miami, ofreciendo acceso preferencial a eventos locales de deportes, moda, arte y otros eventos destacados.<\/li>\n<li>Un calendario completo de reuniones sociales, fitness, bienestar y m\u00e1s. Servicios a la carta en la residencia, como entrega de comestibles, catering, servicio culinario personalizado, limpieza, lavander\u00eda y m\u00e1s.<\/li>\n<li>Servicios durante su ausencia, incluyendo cuidado de mascotas, cuidado de plantas y mantenimiento rutinario del hogar*.<\/li>\n<li>Masajes a la carta y tratamientos de spa.<\/li>\n<li>Entrenamiento personalizado y clases de yoga.<\/li>\n<li>Servicios de chef gourmet para organizar cenas y eventos privados en el s\u00e9ptimo piso.<\/li>\n<li>Como propietario de una residencia Proper, forma parte de una comunidad exclusiva con acceso a experiencias exclusivas, momentos culturales y comodidades que definen la vida Proper.<\/li>\n<\/ul>\n<p>[\/et_pb_text][\/et_pb_column][et_pb_column type=&#8221;1_2&#8243; _builder_version=&#8221;4.27.3&#8243; _module_preset=&#8221;default&#8221; global_colors_info=&#8221;{}&#8221;][et_pb_text _builder_version=&#8221;4.27.4&#8243; _module_preset=&#8221;default&#8221; text_text_color=&#8221;#000000&#8243; header_font=&#8221;|700|||||||&#8221; header_text_color=&#8221;#000000&#8243; header_3_font=&#8221;|700|||||||&#8221; header_3_text_color=&#8221;#000000&#8243; hover_enabled=&#8221;0&#8243; global_colors_info=&#8221;{}&#8221; sticky_enabled=&#8221;0&#8243;]<\/p>\n<h3>La Entrada Perfecta<\/h3>\n<ul>\n<li>Planta Baja, Vest\u00edbulo y Servicios<\/li>\n<li>Impresionante vest\u00edbulo y galer\u00eda de 460 metros cuadrados, repleto de obras de arte, dise\u00f1ado por Meyer Davis Studio, con un espectacular techo de 4,8 metros de altura, una recepci\u00f3n escultural con servicio de conserjer\u00eda 24\/7 y 45 metros de fachada acristalada con vistas a Midtown Boulevard, East Park y los paseos.<\/li>\n<li>Conexiones convenientes con el spa para mascotas, la sala de correo y la sala de entregas.<\/li>\n<li>La cafeter\u00eda en la planta baja, junto al vest\u00edbulo, ofrece un lugar para recargar energ\u00edas por la ma\u00f1ana con caf\u00e9 y pasteles antes de salir a explorar el barrio.<\/li>\n<li>Puerta de entrada con vistas a East Park, con servicio de valet parking y acceso a la variedad de boutiques, restaurantes gourmet y cafeter\u00edas de Midtown Park.<\/li>\n<\/ul>\n<p>[\/et_pb_text][\/et_pb_column][\/et_pb_row][\/et_pb_section]<\/p>\n","protected":false},"excerpt":{"rendered":"<p>Midtown Park Residences ComodidadesComodidades Sala de estar este con cocina de chef, televisores de pantalla grande, c\u00f3modos asientos y acceso a terrazas al aire libre Sal\u00f3n de eventos para reuniones familiares y eventos \u00edntimos Sal\u00f3n de negocios y coworking con mostradores de caf\u00e9, pasteles y jugos naturales Sala de juegos para ni\u00f1os junto a la [&hellip;]<\/p>\n","protected":false},"author":1,"featured_media":2226,"parent":0,"menu_order":0,"comment_status":"closed","ping_status":"closed","template":"","meta":{"_et_pb_use_builder":"on","_et_pb_old_content":"","_et_gb_content_width":"","footnotes":""},"class_list":["post-730","page","type-page","status-publish","has-post-thumbnail","hentry"],"_links":{"self":[{"href":"https:\/\/midtownparkresideces.com\/es\/wp-json\/wp\/v2\/pages\/730","targetHints":{"allow":["GET"]}}],"collection":[{"href":"https:\/\/midtownparkresideces.com\/es\/wp-json\/wp\/v2\/pages"}],"about":[{"href":"https:\/\/midtownparkresideces.com\/es\/wp-json\/wp\/v2\/types\/page"}],"author":[{"embeddable":true,"href":"https:\/\/midtownparkresideces.com\/es\/wp-json\/wp\/v2\/users\/1"}],"replies":[{"embeddable":true,"href":"https:\/\/midtownparkresideces.com\/es\/wp-json\/wp\/v2\/comments?post=730"}],"version-history":[{"count":59,"href":"https:\/\/midtownparkresideces.com\/es\/wp-json\/wp\/v2\/pages\/730\/revisions"}],"predecessor-version":[{"id":2320,"href":"https:\/\/midtownparkresideces.com\/es\/wp-json\/wp\/v2\/pages\/730\/revisions\/2320"}],"wp:featuredmedia":[{"embeddable":true,"href":"https:\/\/midtownparkresideces.com\/es\/wp-json\/wp\/v2\/media\/2226"}],"wp:attachment":[{"href":"https:\/\/midtownparkresideces.com\/es\/wp-json\/wp\/v2\/media?parent=730"}],"curies":[{"name":"wp","href":"https:\/\/api.w.org\/{rel}","templated":true}]}}