{"id":385,"date":"2024-10-31T07:50:02","date_gmt":"2024-10-31T07:50:02","guid":{"rendered":"https:\/\/clarabayharborisland.com\/?page_id=385"},"modified":"2025-04-10T17:11:05","modified_gmt":"2025-04-10T17:11:05","slug":"equipo","status":"publish","type":"page","link":"https:\/\/midtownparkresideces.com\/es\/equipo\/","title":{"rendered":"Equipo"},"content":{"rendered":"<p>[et_pb_section fb_built=&#8221;1&#8243; custom_padding_last_edited=&#8221;on|phone&#8221; _builder_version=&#8221;4.27.4&#8243; _module_preset=&#8221;default&#8221; background_color=&#8221;rgba(0,0,0,0.7)&#8221; background_image=&#8221;https:\/\/midtownparkresideces.com\/es\/wp-content\/uploads\/Midtown_Park-Central-view.jpg&#8221; background_blend=&#8221;overlay&#8221; custom_padding=&#8221;90px||90px|||&#8221; custom_padding_tablet=&#8221;90px||90px|||&#8221; custom_padding_phone=&#8221;50px||50px||true|false&#8221; global_colors_info=&#8221;{}&#8221;][et_pb_row _builder_version=&#8221;4.17.4&#8243; _module_preset=&#8221;default&#8221; global_colors_info=&#8221;{}&#8221;][et_pb_column type=&#8221;4_4&#8243; _builder_version=&#8221;4.17.4&#8243; _module_preset=&#8221;default&#8221; global_colors_info=&#8221;{}&#8221;][et_pb_text _builder_version=&#8221;4.27.4&#8243; _module_preset=&#8221;default&#8221; text_font=&#8221;|600|||||||&#8221; text_text_color=&#8221;#FFFFFF&#8221; text_font_size=&#8221;25px&#8221; header_font=&#8221;|700||on|||||&#8221; header_text_align=&#8221;center&#8221; header_text_color=&#8221;#FFFFFF&#8221; header_font_size=&#8221;50px&#8221; text_orientation=&#8221;center&#8221; hover_enabled=&#8221;0&#8243; header_font_size_tablet=&#8221;50px&#8221; header_font_size_phone=&#8221;40px&#8221; header_font_size_last_edited=&#8221;on|phone&#8221; header_text_shadow_style=&#8221;preset3&#8243; header_text_shadow_blur_strength=&#8221;0.69em&#8221; header_text_shadow_color=&#8221;#000000&#8243; global_colors_info=&#8221;{}&#8221; sticky_enabled=&#8221;0&#8243;]<\/p>\n<h1>Midtown Park Residences<\/h1>\n<h1>Equipo<\/h1>\n<p>&nbsp;<\/p>\n<p>[\/et_pb_text][\/et_pb_column][\/et_pb_row][\/et_pb_section][et_pb_section fb_built=&#8221;1&#8243; _builder_version=&#8221;4.22.1&#8243; _module_preset=&#8221;default&#8221; background_color=&#8221;#f7f7f9&#8243; custom_padding=&#8221;||2px|||&#8221; global_colors_info=&#8221;{}&#8221;][et_pb_row _builder_version=&#8221;4.24.2&#8243; _module_preset=&#8221;default&#8221; global_colors_info=&#8221;{}&#8221;][et_pb_column type=&#8221;4_4&#8243; _builder_version=&#8221;4.20.2&#8243; _module_preset=&#8221;default&#8221; global_colors_info=&#8221;{}&#8221;][et_pb_text _builder_version=&#8221;4.27.4&#8243; _module_preset=&#8221;default&#8221; text_font=&#8221;Adamina||||||||&#8221; text_text_color=&#8221;#000000&#8243; text_line_height=&#8221;1.8em&#8221; custom_margin=&#8221;-41px|||||&#8221; hover_enabled=&#8221;0&#8243; global_colors_info=&#8221;{}&#8221; sticky_enabled=&#8221;0&#8243;]<\/p>\n<p><strong>Desarrollador: Proper Hospitality, Rosso Development y Midtown Development<\/strong><br \/><strong>Arquitecto: Arquitectonica<\/strong><br \/><strong>Dise\u00f1ador de interiores: Meyer Davis Studio<\/strong><br \/><strong>Arquitectura paisaj\u00edstica: Naturalficial<\/strong><\/p>\n<p>[\/et_pb_text][\/et_pb_column][\/et_pb_row][\/et_pb_section][et_pb_section fb_built=&#8221;1&#8243; _builder_version=&#8221;4.22.1&#8243; _module_preset=&#8221;default&#8221; background_color=&#8221;#f7f7f9&#8243; custom_padding=&#8221;||2px|||&#8221; global_colors_info=&#8221;{}&#8221;][et_pb_row _builder_version=&#8221;4.24.2&#8243; _module_preset=&#8221;default&#8221; global_colors_info=&#8221;{}&#8221;][et_pb_column type=&#8221;4_4&#8243; _builder_version=&#8221;4.20.2&#8243; _module_preset=&#8221;default&#8221; global_colors_info=&#8221;{}&#8221;][et_pb_text _builder_version=&#8221;4.27.4&#8243; _module_preset=&#8221;default&#8221; text_font=&#8221;Adamina||||||||&#8221; text_text_color=&#8221;#000000&#8243; text_line_height=&#8221;1.8em&#8221; header_3_font=&#8221;|700|||||||&#8221; custom_margin=&#8221;-41px|||||&#8221; hover_enabled=&#8221;0&#8243; global_colors_info=&#8221;{}&#8221; sticky_enabled=&#8221;0&#8243;]Midtown Park Residences es una colaboraci\u00f3n visionaria entre Rosso Development, Midtown Development y Proper Hospitality. Rosso Development, liderada por el veterano de la industria Carlos Rosso, cuenta con a\u00f1os de experiencia en el desarrollo de rascacielos. Midtown Development tiene una s\u00f3lida base en la creaci\u00f3n de espacios y el desarrollo comunitario. Proper Hospitality, conocida por redefinir el lujo moderno a trav\u00e9s de sus hoteles y residencias, ofrece experiencias de estilo de vida personalizadas, como las ya agotadas Austin Proper Residences y Shelborne by Proper en Miami Beach, pr\u00f3xima a reabrir. Los socios de dise\u00f1o incluyen la internacionalmente aclamada Arquitectonica, los galardonados dise\u00f1adores de interiores Meyer Davis Studio y el paisajismo de Naturalficial.<\/p>\n<p><strong>Rosso Development<\/strong>: Fundada por Carlos Rosso, conocido por redefinir el horizonte de Miami.<br \/><strong>Midtown Development<\/strong>: Especialistas en la creaci\u00f3n de proyectos urbanos a gran escala, impulsados \u200b\u200bpor la comunidad.<br \/><strong>Proper Hospitality<\/strong>: Una marca de estilo de vida de lujo reconocida por sus residencias de dise\u00f1o vanguardista y su hospitalidad.<br \/><strong>Arquitectonica<\/strong>: Firma de arquitectura de renombre internacional, responsable del ic\u00f3nico dise\u00f1o de la torre.<br \/><strong>Meyer Davis Studio<\/strong>: Dise\u00f1adores de interiores galardonados que crean interiores sofisticados y modernos.<br \/><strong>Naturalficial<\/strong>: Firma de dise\u00f1o de paisajes que crea espacios exteriores serenos y tropicales.<\/p>\n<p>[\/et_pb_text][\/et_pb_column][\/et_pb_row][\/et_pb_section]<\/p>\n","protected":false},"excerpt":{"rendered":"<p>Midtown Park Residences Equipo &nbsp;Desarrollador: Proper Hospitality, Rosso Development y Midtown DevelopmentArquitecto: ArquitectonicaDise\u00f1ador de interiores: Meyer Davis StudioArquitectura paisaj\u00edstica: NaturalficialMidtown Park Residences es una colaboraci\u00f3n visionaria entre Rosso Development, Midtown Development y Proper Hospitality. Rosso Development, liderada por el veterano de la industria Carlos Rosso, cuenta con a\u00f1os de experiencia en el desarrollo de rascacielos. [&hellip;]<\/p>\n","protected":false},"author":1,"featured_media":0,"parent":0,"menu_order":0,"comment_status":"closed","ping_status":"closed","template":"","meta":{"_et_pb_use_builder":"on","_et_pb_old_content":"","_et_gb_content_width":"","footnotes":""},"class_list":["post-385","page","type-page","status-publish","hentry"],"_links":{"self":[{"href":"https:\/\/midtownparkresideces.com\/es\/wp-json\/wp\/v2\/pages\/385","targetHints":{"allow":["GET"]}}],"collection":[{"href":"https:\/\/midtownparkresideces.com\/es\/wp-json\/wp\/v2\/pages"}],"about":[{"href":"https:\/\/midtownparkresideces.com\/es\/wp-json\/wp\/v2\/types\/page"}],"author":[{"embeddable":true,"href":"https:\/\/midtownparkresideces.com\/es\/wp-json\/wp\/v2\/users\/1"}],"replies":[{"embeddable":true,"href":"https:\/\/midtownparkresideces.com\/es\/wp-json\/wp\/v2\/comments?post=385"}],"version-history":[{"count":58,"href":"https:\/\/midtownparkresideces.com\/es\/wp-json\/wp\/v2\/pages\/385\/revisions"}],"predecessor-version":[{"id":2323,"href":"https:\/\/midtownparkresideces.com\/es\/wp-json\/wp\/v2\/pages\/385\/revisions\/2323"}],"wp:attachment":[{"href":"https:\/\/midtownparkresideces.com\/es\/wp-json\/wp\/v2\/media?parent=385"}],"curies":[{"name":"wp","href":"https:\/\/api.w.org\/{rel}","templated":true}]}}